{"id":1260,"date":"2023-11-29T16:44:29","date_gmt":"2023-11-29T15:44:29","guid":{"rendered":"https:\/\/www.vienna-spirits.com\/?post_type=product&#038;p=1260"},"modified":"2026-04-30T15:07:05","modified_gmt":"2026-04-30T13:07:05","slug":"rum-de-coco-glaeseraktion","status":"publish","type":"product","link":"https:\/\/www.vienna-spirits.com\/en\/shop\/rum-de-coco-glaeseraktion\/","title":{"rendered":"RUM DE COCO + Gl\u00e4seraktion"},"content":{"rendered":"<p>Der Rum de Coco widerspiegelt die Gr\u00f6\u00dfe und den Einfluss des Maria Theresia Reiches, indem die Aromen des Rums und der Kokosnuss vereint werden. Der feine Geschmack von hochwertigem Rum verm\u00e4hlt mit dem exotischen Aroma der Kokosnuss.<\/p>\n<p><span class=\"s1\"><b>Jetzt 5 Rum de Coco + 4 Original Rum Gl\u00e4ser Gratis im Vorteils-Paket f\u00fcr kurze Zeit erh\u00e4ltlich.<\/b><\/span><\/p>\n","protected":false},"excerpt":{"rendered":"<p>Rum besitzt in \u00d6sterreich eine jahrhundertalte Tradition.<\/p>\n","protected":false},"featured_media":1867,"template":"","meta":{"_acf_changed":false,"inline_featured_image":false,"_kad_blocks_custom_css":"","_kad_blocks_head_custom_js":"","_kad_blocks_body_custom_js":"","_kad_blocks_footer_custom_js":""},"product_brand":[],"product_cat":[37],"product_tag":[],"class_list":{"0":"post-1260","1":"product","2":"type-product","3":"status-publish","4":"has-post-thumbnail","6":"product_cat-spirituosen","8":"first","9":"instock","10":"taxable","11":"shipping-taxable","12":"purchasable","13":"product-type-simple"},"acf":[],"featured_image_src_large":["https:\/\/www.vienna-spirits.com\/wp-content\/uploads\/2023\/11\/Glaeser_Aktion_Vienna_Spirits_Coco_3-1-1024x1024.png",1024,1024,true],"author_info":[],"comment_info":"","taxonomy_info":{"product_cat":[{"value":37,"label":"Spirituosen"}]},"_links":{"self":[{"href":"https:\/\/www.vienna-spirits.com\/en\/wp-json\/wp\/v2\/product\/1260","targetHints":{"allow":["GET"]}}],"collection":[{"href":"https:\/\/www.vienna-spirits.com\/en\/wp-json\/wp\/v2\/product"}],"about":[{"href":"https:\/\/www.vienna-spirits.com\/en\/wp-json\/wp\/v2\/types\/product"}],"wp:featuredmedia":[{"embeddable":true,"href":"https:\/\/www.vienna-spirits.com\/en\/wp-json\/wp\/v2\/media\/1867"}],"wp:attachment":[{"href":"https:\/\/www.vienna-spirits.com\/en\/wp-json\/wp\/v2\/media?parent=1260"}],"wp:term":[{"taxonomy":"product_brand","embeddable":true,"href":"https:\/\/www.vienna-spirits.com\/en\/wp-json\/wp\/v2\/product_brand?post=1260"},{"taxonomy":"product_cat","embeddable":true,"href":"https:\/\/www.vienna-spirits.com\/en\/wp-json\/wp\/v2\/product_cat?post=1260"},{"taxonomy":"product_tag","embeddable":true,"href":"https:\/\/www.vienna-spirits.com\/en\/wp-json\/wp\/v2\/product_tag?post=1260"}],"curies":[{"name":"wp","href":"https:\/\/api.w.org\/{rel}","templated":true}]}}