{"id":1421,"date":"2024-10-01T15:18:16","date_gmt":"2024-10-01T13:18:16","guid":{"rendered":"https:\/\/www.vienna-spirits.com\/?post_type=product&#038;p=1421"},"modified":"2026-02-16T09:00:38","modified_gmt":"2026-02-16T08:00:38","slug":"erdbeeren-spirituose-05l","status":"publish","type":"product","link":"https:\/\/www.vienna-spirits.com\/en\/shop\/erdbeeren-spirituose-05l\/","title":{"rendered":"Erdbeeren Spirituose 0,5l SALE -30%"},"content":{"rendered":"<p>Die Erdbeeren Spirituose hat eine tiefe, fruchtige Aromatik und einen milden Abgang ohne das sonst f\u00fcr einen Brand typische Nachbrennen am Gaumen. Diese imperiale Schnapsidee zu Ehren von Sch\u00f6nbrunn Vienna ist besonders zum Mixen mit kohlens\u00e4urehaltigen Fillern wie Tonic oder Sch\u00f6nbrunn Vienna Frizzante geeignet.<\/p>\n<p>Genie\u00dfen Sie unsere Erdbeeren Spirituose im Schnapsglas bei einer Temperatur zwischen 17 bis 21 \u00b0C.<\/p>\n","protected":false},"excerpt":{"rendered":"<p>Die Erdbeeren Spirituose hat eine tiefe, fruchtige Aromatik und einen milden Abgang ohne das sonst f\u00fcr einen Brand typische Nachbrennen am Gaumen. Diese imperiale Schnapsidee zu Ehren von Sch\u00f6nbrunn Vienna ist besonders zum Mixen mit kohlens\u00e4urehaltigen Fillern wie Tonic oder Sch\u00f6nbrunn Vienna Frizzante geeignet. Genie\u00dfen Sie unsere Erdbeeren Spirituose im Schnapsglas bei einer Temperatur zwischen &hellip;<\/p>\n","protected":false},"featured_media":246,"template":"","meta":{"_acf_changed":false,"inline_featured_image":false,"_kad_blocks_custom_css":"","_kad_blocks_head_custom_js":"","_kad_blocks_body_custom_js":"","_kad_blocks_footer_custom_js":""},"product_brand":[],"product_cat":[37,53],"product_tag":[],"class_list":{"0":"post-1421","1":"product","2":"type-product","3":"status-publish","4":"has-post-thumbnail","6":"product_cat-spirituosen","7":"product_cat-aktionen","9":"first","10":"instock","11":"sale","12":"taxable","13":"shipping-taxable","14":"purchasable","15":"product-type-simple"},"acf":[],"featured_image_src_large":["https:\/\/www.vienna-spirits.com\/wp-content\/uploads\/2022\/10\/Flaschenfotos_Erdbeere-klein-e1624005006283-1024x1024.png",1024,1024,true],"author_info":[],"comment_info":"","taxonomy_info":{"product_cat":[{"value":37,"label":"Spirituosen"},{"value":53,"label":"Aktionen"}]},"_links":{"self":[{"href":"https:\/\/www.vienna-spirits.com\/en\/wp-json\/wp\/v2\/product\/1421","targetHints":{"allow":["GET"]}}],"collection":[{"href":"https:\/\/www.vienna-spirits.com\/en\/wp-json\/wp\/v2\/product"}],"about":[{"href":"https:\/\/www.vienna-spirits.com\/en\/wp-json\/wp\/v2\/types\/product"}],"wp:featuredmedia":[{"embeddable":true,"href":"https:\/\/www.vienna-spirits.com\/en\/wp-json\/wp\/v2\/media\/246"}],"wp:attachment":[{"href":"https:\/\/www.vienna-spirits.com\/en\/wp-json\/wp\/v2\/media?parent=1421"}],"wp:term":[{"taxonomy":"product_brand","embeddable":true,"href":"https:\/\/www.vienna-spirits.com\/en\/wp-json\/wp\/v2\/product_brand?post=1421"},{"taxonomy":"product_cat","embeddable":true,"href":"https:\/\/www.vienna-spirits.com\/en\/wp-json\/wp\/v2\/product_cat?post=1421"},{"taxonomy":"product_tag","embeddable":true,"href":"https:\/\/www.vienna-spirits.com\/en\/wp-json\/wp\/v2\/product_tag?post=1421"}],"curies":[{"name":"wp","href":"https:\/\/api.w.org\/{rel}","templated":true}]}}