{"id":1561,"date":"2025-04-01T14:17:06","date_gmt":"2025-04-01T12:17:06","guid":{"rendered":"https:\/\/www.vienna-spirits.com\/?post_type=product&#038;p=1561"},"modified":"2026-05-12T11:03:24","modified_gmt":"2026-05-12T09:03:24","slug":"sisi-kirschblueten-likoer-05l","status":"publish","type":"product","link":"https:\/\/www.vienna-spirits.com\/en\/shop\/sisi-kirschblueten-likoer-05l\/","title":{"rendered":"Sisi Kirschbl\u00fcten Lik\u00f6r 0,5l"},"content":{"rendered":"<p>Leichte und blumige Lik\u00f6r-Komposition<\/p>\n<p>Der feine Kirschbl\u00fcten Lik\u00f6r begeistert mit seinen blumigen und leicht an Kirsche erinnernden Noten. Der intensive Ros\u00e9ton und der liebliche Duft des Lik\u00f6rs erinnern an die \u00fcppige Bl\u00fctenpracht Tausender Kirschbl\u00fcten im Fr\u00fchling.<\/p>\n<p>&nbsp;<\/p>\n<p>Der Kirschbl\u00fcten Lik\u00f6r ist gut gek\u00fchlt bei Temperaturen von 8 bis 15 \u00b0C ein herrlich sommerlicher Trinkgenuss. Genie\u00dfen Sie den Lik\u00f6r pur oder gemixt mit einem prickelnden Frizzante oder Tonic Water. Mit seiner feinen S\u00fc\u00dfe und dem milden Geschmack von Kirschbl\u00fcten wird der Lik\u00f6r gerne verwendet, um Eiscreme und frischen Obstsalat zu verfeinern.<\/p>\n","protected":false},"excerpt":{"rendered":"<p>Leichte und blumige Lik\u00f6r-Komposition Der feine Kirschbl\u00fcten Lik\u00f6r begeistert mit seinen blumigen und leicht an Kirsche erinnernden Noten. Der intensive Ros\u00e9ton und der liebliche Duft des Lik\u00f6rs erinnern an die \u00fcppige Bl\u00fctenpracht Tausender Kirschbl\u00fcten im Fr\u00fchling. &nbsp; Der Kirschbl\u00fcten Lik\u00f6r ist gut gek\u00fchlt bei Temperaturen von 8 bis 15 \u00b0C ein herrlich sommerlicher Trinkgenuss. Genie\u00dfen &hellip;<\/p>\n","protected":false},"featured_media":1576,"template":"","meta":{"_acf_changed":false,"inline_featured_image":false,"_kad_blocks_custom_css":"","_kad_blocks_head_custom_js":"","_kad_blocks_body_custom_js":"","_kad_blocks_footer_custom_js":""},"product_brand":[],"product_cat":[121],"product_tag":[],"class_list":{"0":"post-1561","1":"product","2":"type-product","3":"status-publish","4":"has-post-thumbnail","6":"product_cat-likoere","8":"first","9":"instock","10":"taxable","11":"shipping-taxable","12":"purchasable","13":"product-type-simple"},"acf":[],"featured_image_src_large":["https:\/\/www.vienna-spirits.com\/wp-content\/uploads\/2025\/04\/Vienna-Spirits-Flaschen-1697-Bearbeitet-Bearbeitet-Kopiesf-7-1024x998.png",1024,998,true],"author_info":[],"comment_info":"","taxonomy_info":{"product_cat":[{"value":121,"label":"Lik\u00f6re"}]},"_links":{"self":[{"href":"https:\/\/www.vienna-spirits.com\/en\/wp-json\/wp\/v2\/product\/1561","targetHints":{"allow":["GET"]}}],"collection":[{"href":"https:\/\/www.vienna-spirits.com\/en\/wp-json\/wp\/v2\/product"}],"about":[{"href":"https:\/\/www.vienna-spirits.com\/en\/wp-json\/wp\/v2\/types\/product"}],"wp:featuredmedia":[{"embeddable":true,"href":"https:\/\/www.vienna-spirits.com\/en\/wp-json\/wp\/v2\/media\/1576"}],"wp:attachment":[{"href":"https:\/\/www.vienna-spirits.com\/en\/wp-json\/wp\/v2\/media?parent=1561"}],"wp:term":[{"taxonomy":"product_brand","embeddable":true,"href":"https:\/\/www.vienna-spirits.com\/en\/wp-json\/wp\/v2\/product_brand?post=1561"},{"taxonomy":"product_cat","embeddable":true,"href":"https:\/\/www.vienna-spirits.com\/en\/wp-json\/wp\/v2\/product_cat?post=1561"},{"taxonomy":"product_tag","embeddable":true,"href":"https:\/\/www.vienna-spirits.com\/en\/wp-json\/wp\/v2\/product_tag?post=1561"}],"curies":[{"name":"wp","href":"https:\/\/api.w.org\/{rel}","templated":true}]}}