{"id":1578,"date":"2025-04-01T15:25:44","date_gmt":"2025-04-01T13:25:44","guid":{"rendered":"https:\/\/www.vienna-spirits.com\/?post_type=product&#038;p=1578"},"modified":"2026-05-12T11:02:50","modified_gmt":"2026-05-12T09:02:50","slug":"sisi-himbeeren-likoer-05l","status":"publish","type":"product","link":"https:\/\/www.vienna-spirits.com\/en\/shop\/sisi-himbeeren-likoer-05l\/","title":{"rendered":"Sisi Himbeeren Lik\u00f6r 0,5l"},"content":{"rendered":"<p>Die kr\u00e4ftig roten, intensiv schmeckenden Fr\u00fcchte des Himbeerstrauchs vers\u00fc\u00dfen uns gleich mehrmals im Jahr das Leben.<\/p>\n<p>Es ist besonders wichtig, die reifen Himbeeren sofort zu verarbeiten. Ein Teil davon kommt direkt in die Saftpresse, w\u00e4hrend der andere einige Wochen sp\u00e4ter den Weg in den kupfernen Brennkessel findet. Aus beiden Komponenten \u2013 Saft und Destillat \u2013 entsteht dann schlie\u00dflich unser Himbeeren Lik\u00f6r, der mit seinen intensiven Fruchtnoten und der leichten S\u00fc\u00dfe garantiert zu \u00fcberzeugen wei\u00df.<\/p>\n<p>&nbsp;<\/p>\n<p>Genie\u00dfen Sie den Himbeeren Lik\u00f6r gut gek\u00fchlt bei einer Temperatur zwischen 10 bis 17 \u00b0C \u2013 egal ob pur, mit Frizzante aufgegossen oder zum Dessert.<\/p>\n","protected":false},"excerpt":{"rendered":"<p>Die kr\u00e4ftig roten, intensiv schmeckenden Fr\u00fcchte des Himbeerstrauchs vers\u00fc\u00dfen uns gleich mehrmals im Jahr das Leben. Es ist besonders wichtig, die reifen Himbeeren sofort zu verarbeiten. Ein Teil davon kommt direkt in die Saftpresse, w\u00e4hrend der andere einige Wochen sp\u00e4ter den Weg in den kupfernen Brennkessel findet. Aus beiden Komponenten \u2013 Saft und Destillat \u2013 &hellip;<\/p>\n","protected":false},"featured_media":1579,"template":"","meta":{"_acf_changed":false,"inline_featured_image":false,"_kad_blocks_custom_css":"","_kad_blocks_head_custom_js":"","_kad_blocks_body_custom_js":"","_kad_blocks_footer_custom_js":""},"product_brand":[],"product_cat":[121],"product_tag":[],"class_list":{"0":"post-1578","1":"product","2":"type-product","3":"status-publish","4":"has-post-thumbnail","6":"product_cat-likoere","8":"first","9":"instock","10":"taxable","11":"shipping-taxable","12":"purchasable","13":"product-type-simple"},"acf":[],"featured_image_src_large":["https:\/\/www.vienna-spirits.com\/wp-content\/uploads\/2025\/04\/Vienna-Spirits-Flaschen-1693-Bearbeitet-Kopiesf-1024x1011.png",1024,1011,true],"author_info":[],"comment_info":"","taxonomy_info":{"product_cat":[{"value":121,"label":"Lik\u00f6re"}]},"_links":{"self":[{"href":"https:\/\/www.vienna-spirits.com\/en\/wp-json\/wp\/v2\/product\/1578","targetHints":{"allow":["GET"]}}],"collection":[{"href":"https:\/\/www.vienna-spirits.com\/en\/wp-json\/wp\/v2\/product"}],"about":[{"href":"https:\/\/www.vienna-spirits.com\/en\/wp-json\/wp\/v2\/types\/product"}],"wp:featuredmedia":[{"embeddable":true,"href":"https:\/\/www.vienna-spirits.com\/en\/wp-json\/wp\/v2\/media\/1579"}],"wp:attachment":[{"href":"https:\/\/www.vienna-spirits.com\/en\/wp-json\/wp\/v2\/media?parent=1578"}],"wp:term":[{"taxonomy":"product_brand","embeddable":true,"href":"https:\/\/www.vienna-spirits.com\/en\/wp-json\/wp\/v2\/product_brand?post=1578"},{"taxonomy":"product_cat","embeddable":true,"href":"https:\/\/www.vienna-spirits.com\/en\/wp-json\/wp\/v2\/product_cat?post=1578"},{"taxonomy":"product_tag","embeddable":true,"href":"https:\/\/www.vienna-spirits.com\/en\/wp-json\/wp\/v2\/product_tag?post=1578"}],"curies":[{"name":"wp","href":"https:\/\/api.w.org\/{rel}","templated":true}]}}