{"id":1581,"date":"2025-04-01T15:28:36","date_gmt":"2025-04-01T13:28:36","guid":{"rendered":"https:\/\/www.vienna-spirits.com\/?post_type=product&#038;p=1581"},"modified":"2026-05-12T11:02:17","modified_gmt":"2026-05-12T09:02:17","slug":"sisi-rosen-marillen-likoer-05l","status":"publish","type":"product","link":"https:\/\/www.vienna-spirits.com\/en\/shop\/sisi-rosen-marillen-likoer-05l\/","title":{"rendered":"Sisi Rosen-Marillen Lik\u00f6r 0,5l"},"content":{"rendered":"<p>\u00d6sterreich gilt mit seinen Donautal-Marillen als Geburtsland dieser Lik\u00f6r-Spezialit\u00e4t. Die Rosenmarillen geh\u00f6ren dabei zu den regional-typischen Sorten der Wachau. Die aromatischen, ausgesprochen saftigen Fr\u00fcchte eignen sich hervorragend f\u00fcr die Herstellung unseres Lik\u00f6rs und verleihen ihm dar\u00fcber hinaus die kr\u00e4ftige Farbe. Der verf\u00fchrerische Duft in der Nase wir nur noch getoppt durch den besonders weichen, fruchtig-frischen Geschmack.<\/p>\n<p>&nbsp;<\/p>\n<p>Genie\u00dfen Sie den Rosen-Marillen Lik\u00f6r pur und gut gek\u00fchlt oder verfeinern Sie damit ihren Fruchtsalat \u2013 ein exquisiter Genuss!.<\/p>\n","protected":false},"excerpt":{"rendered":"<p>\u00d6sterreich gilt mit seinen Donautal-Marillen als Geburtsland dieser Lik\u00f6r-Spezialit\u00e4t. Die Rosenmarillen geh\u00f6ren dabei zu den regional-typischen Sorten der Wachau. Die aromatischen, ausgesprochen saftigen Fr\u00fcchte eignen sich hervorragend f\u00fcr die Herstellung unseres Lik\u00f6rs und verleihen ihm dar\u00fcber hinaus die kr\u00e4ftige Farbe. Der verf\u00fchrerische Duft in der Nase wir nur noch getoppt durch den besonders weichen, fruchtig-frischen &hellip;<\/p>\n","protected":false},"featured_media":1582,"template":"","meta":{"_acf_changed":false,"inline_featured_image":false,"_kad_blocks_custom_css":"","_kad_blocks_head_custom_js":"","_kad_blocks_body_custom_js":"","_kad_blocks_footer_custom_js":""},"product_brand":[],"product_cat":[121],"product_tag":[],"class_list":{"0":"post-1581","1":"product","2":"type-product","3":"status-publish","4":"has-post-thumbnail","6":"product_cat-likoere","8":"first","9":"instock","10":"taxable","11":"shipping-taxable","12":"purchasable","13":"product-type-simple"},"acf":[],"featured_image_src_large":["https:\/\/www.vienna-spirits.com\/wp-content\/uploads\/2025\/04\/Vienna-Spirits-Flaschen-1694-Bearbeitet-Kopiesf-1024x996.png",1024,996,true],"author_info":[],"comment_info":"","taxonomy_info":{"product_cat":[{"value":121,"label":"Lik\u00f6re"}]},"_links":{"self":[{"href":"https:\/\/www.vienna-spirits.com\/en\/wp-json\/wp\/v2\/product\/1581","targetHints":{"allow":["GET"]}}],"collection":[{"href":"https:\/\/www.vienna-spirits.com\/en\/wp-json\/wp\/v2\/product"}],"about":[{"href":"https:\/\/www.vienna-spirits.com\/en\/wp-json\/wp\/v2\/types\/product"}],"wp:featuredmedia":[{"embeddable":true,"href":"https:\/\/www.vienna-spirits.com\/en\/wp-json\/wp\/v2\/media\/1582"}],"wp:attachment":[{"href":"https:\/\/www.vienna-spirits.com\/en\/wp-json\/wp\/v2\/media?parent=1581"}],"wp:term":[{"taxonomy":"product_brand","embeddable":true,"href":"https:\/\/www.vienna-spirits.com\/en\/wp-json\/wp\/v2\/product_brand?post=1581"},{"taxonomy":"product_cat","embeddable":true,"href":"https:\/\/www.vienna-spirits.com\/en\/wp-json\/wp\/v2\/product_cat?post=1581"},{"taxonomy":"product_tag","embeddable":true,"href":"https:\/\/www.vienna-spirits.com\/en\/wp-json\/wp\/v2\/product_tag?post=1581"}],"curies":[{"name":"wp","href":"https:\/\/api.w.org\/{rel}","templated":true}]}}