{"id":1584,"date":"2025-04-01T15:31:44","date_gmt":"2025-04-01T13:31:44","guid":{"rendered":"https:\/\/www.vienna-spirits.com\/?post_type=product&#038;p=1584"},"modified":"2026-05-12T11:01:42","modified_gmt":"2026-05-12T09:01:42","slug":"sisi-roter-apfel-likoer-05l","status":"publish","type":"product","link":"https:\/\/www.vienna-spirits.com\/en\/shop\/sisi-roter-apfel-likoer-05l\/","title":{"rendered":"Sisi Roter Apfel Lik\u00f6r 0,5l"},"content":{"rendered":"<p>Dieser Traditionslik\u00f6r aus roten \u00c4pfeln ist ein besonderer Genuss. Die s\u00e4urebetonten \u00c4pfel werden erntefrisch und besonders schonend zu Saft gepresst, wodurch die feinen Aromen bestm\u00f6glich erhalten bleiben. Danach wird der Fruchtsaft nach zu einem au\u00dfergew\u00f6hnlichen Traditionslik\u00f6r mit ausgepr\u00e4gtem und komplexem Fruchtaroma verarbeitet. \u00dcberraschen Sie Ihre G\u00e4ste mit diesem knallroten s\u00fc\u00df-s\u00e4uerlichen Lik\u00f6rgenus.<\/p>\n<p>&nbsp;<\/p>\n<p>Genie\u00dfen Sie den Roten Apfel Lik\u00f6r pur und gut gek\u00fchlt zwischen 8 und 15 Grad oder gespritzt mit Frizzante als erfrischenden Aperitif<\/p>\n","protected":false},"excerpt":{"rendered":"<p>Dieser Traditionslik\u00f6r aus roten \u00c4pfeln ist ein besonderer Genuss. Die s\u00e4urebetonten \u00c4pfel werden erntefrisch und besonders schonend zu Saft gepresst, wodurch die feinen Aromen bestm\u00f6glich erhalten bleiben. Danach wird der Fruchtsaft nach zu einem au\u00dfergew\u00f6hnlichen Traditionslik\u00f6r mit ausgepr\u00e4gtem und komplexem Fruchtaroma verarbeitet. \u00dcberraschen Sie Ihre G\u00e4ste mit diesem knallroten s\u00fc\u00df-s\u00e4uerlichen Lik\u00f6rgenus. &nbsp; Genie\u00dfen Sie den &hellip;<\/p>\n","protected":false},"featured_media":1585,"template":"","meta":{"_acf_changed":false,"inline_featured_image":false,"_kad_blocks_custom_css":"","_kad_blocks_head_custom_js":"","_kad_blocks_body_custom_js":"","_kad_blocks_footer_custom_js":""},"product_brand":[],"product_cat":[121],"product_tag":[],"class_list":{"0":"post-1584","1":"product","2":"type-product","3":"status-publish","4":"has-post-thumbnail","6":"product_cat-likoere","8":"first","9":"instock","10":"taxable","11":"shipping-taxable","12":"purchasable","13":"product-type-simple"},"acf":[],"featured_image_src_large":["https:\/\/www.vienna-spirits.com\/wp-content\/uploads\/2025\/04\/Vienna-Spirits-Flaschen-1696-Bearbeitet-Kopiesf-1024x1004.png",1024,1004,true],"author_info":[],"comment_info":"","taxonomy_info":{"product_cat":[{"value":121,"label":"Lik\u00f6re"}]},"_links":{"self":[{"href":"https:\/\/www.vienna-spirits.com\/en\/wp-json\/wp\/v2\/product\/1584","targetHints":{"allow":["GET"]}}],"collection":[{"href":"https:\/\/www.vienna-spirits.com\/en\/wp-json\/wp\/v2\/product"}],"about":[{"href":"https:\/\/www.vienna-spirits.com\/en\/wp-json\/wp\/v2\/types\/product"}],"wp:featuredmedia":[{"embeddable":true,"href":"https:\/\/www.vienna-spirits.com\/en\/wp-json\/wp\/v2\/media\/1585"}],"wp:attachment":[{"href":"https:\/\/www.vienna-spirits.com\/en\/wp-json\/wp\/v2\/media?parent=1584"}],"wp:term":[{"taxonomy":"product_brand","embeddable":true,"href":"https:\/\/www.vienna-spirits.com\/en\/wp-json\/wp\/v2\/product_brand?post=1584"},{"taxonomy":"product_cat","embeddable":true,"href":"https:\/\/www.vienna-spirits.com\/en\/wp-json\/wp\/v2\/product_cat?post=1584"},{"taxonomy":"product_tag","embeddable":true,"href":"https:\/\/www.vienna-spirits.com\/en\/wp-json\/wp\/v2\/product_tag?post=1584"}],"curies":[{"name":"wp","href":"https:\/\/api.w.org\/{rel}","templated":true}]}}