{"id":1587,"date":"2025-04-01T15:35:47","date_gmt":"2025-04-01T13:35:47","guid":{"rendered":"https:\/\/www.vienna-spirits.com\/?post_type=product&#038;p=1587"},"modified":"2026-05-12T11:01:07","modified_gmt":"2026-05-12T09:01:07","slug":"sisi-bergzirben-likoer-05l","status":"publish","type":"product","link":"https:\/\/www.vienna-spirits.com\/en\/shop\/sisi-bergzirben-likoer-05l\/","title":{"rendered":"Sisi Bergzirben Lik\u00f6r 0,5l"},"content":{"rendered":"<p>In diesem Lik\u00f6r ist ein Geschmack der Alpen eingefangen \u2013 der \u201eK\u00f6nigin der Alpen\u201c, um genau zu sein. Als solche wird die Zirbelkiefer, kurz Zirbe, aufgrund ihrer Anpassungsf\u00e4higkeit h\u00e4ufig bezeichnet.<\/p>\n<p>Die Ernte ist in jedem Jahr mit gro\u00dfem Aufwand verbunden. Bis zu 25 Meter hoch m\u00fcssen die erfahrenen Pfl\u00fccker hochklettern, um an die duftenden Zirbenzapfen zu gelangen. Die meist leicht harzigen Zapfen verleihen dieser Lik\u00f6r Spezialit\u00e4t ein angenehm herbes, w\u00fcrziges Aroma und die typisch r\u00f6tliche Farbe. Der intensive Duft sowie die feine harzige Note und leichte S\u00fc\u00dfe sind ein geschmacklich einzigartiges Vergn\u00fcgen.<\/p>\n<p>&nbsp;<\/p>\n<p>Genie\u00dfen Sie den Lik\u00f6r am besten pur und gut gek\u00fchlt bei einer Temperatur zwischen 10 bis 17 \u00b0C.<\/p>\n","protected":false},"excerpt":{"rendered":"<p>In diesem Lik\u00f6r ist ein Geschmack der Alpen eingefangen \u2013 der \u201eK\u00f6nigin der Alpen\u201c, um genau zu sein. Als solche wird die Zirbelkiefer, kurz Zirbe, aufgrund ihrer Anpassungsf\u00e4higkeit h\u00e4ufig bezeichnet. Die Ernte ist in jedem Jahr mit gro\u00dfem Aufwand verbunden. Bis zu 25 Meter hoch m\u00fcssen die erfahrenen Pfl\u00fccker hochklettern, um an die duftenden Zirbenzapfen &hellip;<\/p>\n","protected":false},"featured_media":1588,"template":"","meta":{"_acf_changed":false,"inline_featured_image":false,"_kad_blocks_custom_css":"","_kad_blocks_head_custom_js":"","_kad_blocks_body_custom_js":"","_kad_blocks_footer_custom_js":""},"product_brand":[],"product_cat":[121],"product_tag":[],"class_list":{"0":"post-1587","1":"product","2":"type-product","3":"status-publish","4":"has-post-thumbnail","6":"product_cat-likoere","8":"first","9":"instock","10":"taxable","11":"shipping-taxable","12":"purchasable","13":"product-type-simple"},"acf":[],"featured_image_src_large":["https:\/\/www.vienna-spirits.com\/wp-content\/uploads\/2025\/04\/Vienna-Spirits-Flaschen-1692-Bearbeitet-Kopiesf-1024x1004.png",1024,1004,true],"author_info":[],"comment_info":"","taxonomy_info":{"product_cat":[{"value":121,"label":"Lik\u00f6re"}]},"_links":{"self":[{"href":"https:\/\/www.vienna-spirits.com\/en\/wp-json\/wp\/v2\/product\/1587","targetHints":{"allow":["GET"]}}],"collection":[{"href":"https:\/\/www.vienna-spirits.com\/en\/wp-json\/wp\/v2\/product"}],"about":[{"href":"https:\/\/www.vienna-spirits.com\/en\/wp-json\/wp\/v2\/types\/product"}],"wp:featuredmedia":[{"embeddable":true,"href":"https:\/\/www.vienna-spirits.com\/en\/wp-json\/wp\/v2\/media\/1588"}],"wp:attachment":[{"href":"https:\/\/www.vienna-spirits.com\/en\/wp-json\/wp\/v2\/media?parent=1587"}],"wp:term":[{"taxonomy":"product_brand","embeddable":true,"href":"https:\/\/www.vienna-spirits.com\/en\/wp-json\/wp\/v2\/product_brand?post=1587"},{"taxonomy":"product_cat","embeddable":true,"href":"https:\/\/www.vienna-spirits.com\/en\/wp-json\/wp\/v2\/product_cat?post=1587"},{"taxonomy":"product_tag","embeddable":true,"href":"https:\/\/www.vienna-spirits.com\/en\/wp-json\/wp\/v2\/product_tag?post=1587"}],"curies":[{"name":"wp","href":"https:\/\/api.w.org\/{rel}","templated":true}]}}