{"id":1590,"date":"2025-04-01T15:38:53","date_gmt":"2025-04-01T13:38:53","guid":{"rendered":"https:\/\/www.vienna-spirits.com\/?post_type=product&#038;p=1590"},"modified":"2026-05-12T11:00:28","modified_gmt":"2026-05-12T09:00:28","slug":"sisi-rose-frizzante","status":"publish","type":"product","link":"https:\/\/www.vienna-spirits.com\/en\/shop\/sisi-rose-frizzante\/","title":{"rendered":"Sisi Rose\u00b4 Frizzante"},"content":{"rendered":"<p>Traditionswein goes Sparkling und \u00fcberrascht mit einem einladenden Duft nach frischen Erdbeeren und Himbeeren, sowie verspielter Kirsch- und Zitrusfrucht<\/p>\n<p><strong>Sorte<\/strong>: Frizzante Ros\u00e9<br \/>\n<strong>Qualit\u00e4tsstufe<\/strong>: \u00d6sterreichischer Perlwein mit zugesetzter Kohlens\u00e4ure.<br \/>\n<strong>Farbe<\/strong>: Blasses Lachs mit feiner Perlage im Glas<br \/>\n<strong>Duft<\/strong>: Brioche, rote Fr\u00fcchte<br \/>\n<strong>Gaumen<\/strong>: \u00a0Am Gaumen bilden die feinen Perlen mit den brotig-fruchtigen Aromen eine verf\u00fchrerische Einheit, die durch eine zarte, erfrischende Zitrusnote im Abgang begleitet wird.<br \/>\n<strong>Speisenempfehlung<\/strong>: Gut gek\u00fchlt als Aperitif, zu Sushi oder zur kalten Jause<\/p>\n<p><strong>S\u00e4ure<\/strong>: 3,6 g\/lit.<br \/>\n<strong>Restzucker<\/strong>: 47 g\/lit.<\/p>\n<p>Ein herzhafter Gaumen Geschmack nach Himbeere, Erdbeere und Zitrone, erfrischend mit Kohlens\u00e4ure verleite unseren Rose Frizzante zu einem waren Gaumengenuss.<\/p>\n<p>Nach kurzer Maischestandzeit im Edelstahltank vergoren und mit Kohlens\u00e4ure impr\u00e4gniert.<\/p>\n<p>&nbsp;<\/p>\n","protected":false},"excerpt":{"rendered":"<p>Traditionswein goes Sparkling und \u00fcberrascht mit einem einladenden Duft nach frischen Erdbeeren und Himbeeren, sowie verspielter Kirsch- und Zitrusfrucht Sorte: Frizzante Ros\u00e9 Qualit\u00e4tsstufe: \u00d6sterreichischer Perlwein mit zugesetzter Kohlens\u00e4ure. Farbe: Blasses Lachs mit feiner Perlage im Glas Duft: Brioche, rote Fr\u00fcchte Gaumen: \u00a0Am Gaumen bilden die feinen Perlen mit den brotig-fruchtigen Aromen eine verf\u00fchrerische Einheit, die &hellip;<\/p>\n","protected":false},"featured_media":1591,"template":"","meta":{"_acf_changed":false,"inline_featured_image":false,"_kad_blocks_custom_css":"","_kad_blocks_head_custom_js":"","_kad_blocks_body_custom_js":"","_kad_blocks_footer_custom_js":""},"product_brand":[],"product_cat":[43],"product_tag":[],"class_list":{"0":"post-1590","1":"product","2":"type-product","3":"status-publish","4":"has-post-thumbnail","6":"product_cat-schaumweine","8":"first","9":"instock","10":"taxable","11":"shipping-taxable","12":"purchasable","13":"product-type-simple"},"acf":[],"featured_image_src_large":["https:\/\/www.vienna-spirits.com\/wp-content\/uploads\/2025\/04\/Vienna-Spirits-Flaschen-1724-Bearbeitetsf-1024x983.png",1024,983,true],"author_info":[],"comment_info":"","taxonomy_info":{"product_cat":[{"value":43,"label":"Schaumweine"}]},"_links":{"self":[{"href":"https:\/\/www.vienna-spirits.com\/en\/wp-json\/wp\/v2\/product\/1590","targetHints":{"allow":["GET"]}}],"collection":[{"href":"https:\/\/www.vienna-spirits.com\/en\/wp-json\/wp\/v2\/product"}],"about":[{"href":"https:\/\/www.vienna-spirits.com\/en\/wp-json\/wp\/v2\/types\/product"}],"wp:featuredmedia":[{"embeddable":true,"href":"https:\/\/www.vienna-spirits.com\/en\/wp-json\/wp\/v2\/media\/1591"}],"wp:attachment":[{"href":"https:\/\/www.vienna-spirits.com\/en\/wp-json\/wp\/v2\/media?parent=1590"}],"wp:term":[{"taxonomy":"product_brand","embeddable":true,"href":"https:\/\/www.vienna-spirits.com\/en\/wp-json\/wp\/v2\/product_brand?post=1590"},{"taxonomy":"product_cat","embeddable":true,"href":"https:\/\/www.vienna-spirits.com\/en\/wp-json\/wp\/v2\/product_cat?post=1590"},{"taxonomy":"product_tag","embeddable":true,"href":"https:\/\/www.vienna-spirits.com\/en\/wp-json\/wp\/v2\/product_tag?post=1590"}],"curies":[{"name":"wp","href":"https:\/\/api.w.org\/{rel}","templated":true}]}}