{"id":1830,"date":"2026-03-16T16:06:55","date_gmt":"2026-03-16T15:06:55","guid":{"rendered":"https:\/\/www.vienna-spirits.com\/?post_type=product&#038;p=1830"},"modified":"2026-04-07T14:30:17","modified_gmt":"2026-04-07T12:30:17","slug":"3er-likoer-variation-osteraktion","status":"publish","type":"product","link":"https:\/\/www.vienna-spirits.com\/en\/shop\/3er-likoer-variation-osteraktion\/","title":{"rendered":"3er-Lik\u00f6r Variation AKTION"},"content":{"rendered":"<p>ERLESENE GENUSSMOMENTE<\/p>\n<p>In der Lik\u00f6rk\u00fcche wurden hochwertige Fruchts\u00e4fte nach altbew\u00e4hrten Rezepten zu au\u00dfergew\u00f6hnlichen Traditionslik\u00f6ren mit ausgepr\u00e4gtem und komplexem Fruchtaroma verarbeitet.<\/p>\n","protected":false},"excerpt":{"rendered":"<p>ERLESENE GENUSSMOMENTE In der Lik\u00f6rk\u00fcche wurden hochwertige Fruchts\u00e4fte nach altbew\u00e4hrten Rezepten zu au\u00dfergew\u00f6hnlichen Traditionslik\u00f6ren mit ausgepr\u00e4gtem und komplexem Fruchtaroma verarbeitet.<\/p>\n","protected":false},"featured_media":1835,"template":"","meta":{"_acf_changed":false,"inline_featured_image":false,"_kad_blocks_custom_css":"","_kad_blocks_head_custom_js":"","_kad_blocks_body_custom_js":"","_kad_blocks_footer_custom_js":""},"product_brand":[],"product_cat":[121],"product_tag":[],"class_list":{"0":"post-1830","1":"product","2":"type-product","3":"status-publish","4":"has-post-thumbnail","6":"product_cat-likoere","8":"first","9":"instock","10":"sale","11":"taxable","12":"shipping-taxable","13":"purchasable","14":"product-type-simple"},"acf":[],"featured_image_src_large":["https:\/\/www.vienna-spirits.com\/wp-content\/uploads\/2026\/03\/Bild2.png",592,736,false],"author_info":[],"comment_info":"","taxonomy_info":{"product_cat":[{"value":121,"label":"Lik\u00f6re"}]},"_links":{"self":[{"href":"https:\/\/www.vienna-spirits.com\/en\/wp-json\/wp\/v2\/product\/1830","targetHints":{"allow":["GET"]}}],"collection":[{"href":"https:\/\/www.vienna-spirits.com\/en\/wp-json\/wp\/v2\/product"}],"about":[{"href":"https:\/\/www.vienna-spirits.com\/en\/wp-json\/wp\/v2\/types\/product"}],"wp:featuredmedia":[{"embeddable":true,"href":"https:\/\/www.vienna-spirits.com\/en\/wp-json\/wp\/v2\/media\/1835"}],"wp:attachment":[{"href":"https:\/\/www.vienna-spirits.com\/en\/wp-json\/wp\/v2\/media?parent=1830"}],"wp:term":[{"taxonomy":"product_brand","embeddable":true,"href":"https:\/\/www.vienna-spirits.com\/en\/wp-json\/wp\/v2\/product_brand?post=1830"},{"taxonomy":"product_cat","embeddable":true,"href":"https:\/\/www.vienna-spirits.com\/en\/wp-json\/wp\/v2\/product_cat?post=1830"},{"taxonomy":"product_tag","embeddable":true,"href":"https:\/\/www.vienna-spirits.com\/en\/wp-json\/wp\/v2\/product_tag?post=1830"}],"curies":[{"name":"wp","href":"https:\/\/api.w.org\/{rel}","templated":true}]}}