{"id":250,"date":"2022-09-27T10:34:57","date_gmt":"2022-09-27T08:34:57","guid":{"rendered":"https:\/\/www.vienna-spirits.com\/?post_type=product&#038;p=250"},"modified":"2026-04-07T14:12:13","modified_gmt":"2026-04-07T12:12:13","slug":"williams-christbirnen-spirituose-02l","status":"publish","type":"product","link":"https:\/\/www.vienna-spirits.com\/en\/shop\/williams-christbirnen-spirituose-02l\/","title":{"rendered":"Williams-Christbirnen Spirituose 0,2l"},"content":{"rendered":"<p>Saftig, s\u00fc\u00df und zugleich kr\u00e4ftig \u2013 so geht der traditionell l\u00e4ngst erprobte Birnenschnaps das Kehlchen hinunter. Ein Must-have der Hausbar.<\/p>\n<p>Genie\u00dfen Sie die Williams-Christbirne als Digestif, zwischendurch, allein oder in der gem\u00fctlichen Runde \u2013 ganz, wie es Ihnen beliebt. Im Schnapsglas bei einer Temperatur zwischen 17 und 21 \u00b0C entfalten sich die fruchteigenen Geschmacksnoten besonders gut.<\/p>\n","protected":false},"excerpt":{"rendered":"<p>Saftig, s\u00fc\u00df und zugleich kr\u00e4ftig \u2013 so geht der traditionell l\u00e4ngst erprobte Birnenschnaps das Kehlchen hinunter. Ein Must-have der Hausbar. Genie\u00dfen Sie die Williams-Christbirne als Digestif, zwischendurch, allein oder in der gem\u00fctlichen Runde \u2013 ganz, wie es Ihnen beliebt. Im Schnapsglas bei einer Temperatur zwischen 17 und 21 \u00b0C entfalten sich die fruchteigenen Geschmacksnoten besonders &hellip;<\/p>\n","protected":false},"featured_media":251,"template":"","meta":{"_acf_changed":false,"inline_featured_image":false,"_kad_blocks_custom_css":"","_kad_blocks_head_custom_js":"","_kad_blocks_body_custom_js":"","_kad_blocks_footer_custom_js":""},"product_brand":[],"product_cat":[37],"product_tag":[],"class_list":{"0":"post-250","1":"product","2":"type-product","3":"status-publish","4":"has-post-thumbnail","6":"product_cat-spirituosen","8":"first","9":"instock","10":"taxable","11":"shipping-taxable","12":"purchasable","13":"product-type-simple"},"acf":[],"featured_image_src_large":["https:\/\/www.vienna-spirits.com\/wp-content\/uploads\/2022\/10\/Flaschenfotos_Wiliams-gross-e1624004516990-1024x1024.png",1024,1024,true],"author_info":[],"comment_info":"","taxonomy_info":{"product_cat":[{"value":37,"label":"Spirituosen"}]},"_links":{"self":[{"href":"https:\/\/www.vienna-spirits.com\/en\/wp-json\/wp\/v2\/product\/250","targetHints":{"allow":["GET"]}}],"collection":[{"href":"https:\/\/www.vienna-spirits.com\/en\/wp-json\/wp\/v2\/product"}],"about":[{"href":"https:\/\/www.vienna-spirits.com\/en\/wp-json\/wp\/v2\/types\/product"}],"wp:featuredmedia":[{"embeddable":true,"href":"https:\/\/www.vienna-spirits.com\/en\/wp-json\/wp\/v2\/media\/251"}],"wp:attachment":[{"href":"https:\/\/www.vienna-spirits.com\/en\/wp-json\/wp\/v2\/media?parent=250"}],"wp:term":[{"taxonomy":"product_brand","embeddable":true,"href":"https:\/\/www.vienna-spirits.com\/en\/wp-json\/wp\/v2\/product_brand?post=250"},{"taxonomy":"product_cat","embeddable":true,"href":"https:\/\/www.vienna-spirits.com\/en\/wp-json\/wp\/v2\/product_cat?post=250"},{"taxonomy":"product_tag","embeddable":true,"href":"https:\/\/www.vienna-spirits.com\/en\/wp-json\/wp\/v2\/product_tag?post=250"}],"curies":[{"name":"wp","href":"https:\/\/api.w.org\/{rel}","templated":true}]}}