{"id":254,"date":"2022-09-27T10:38:40","date_gmt":"2022-09-27T08:38:40","guid":{"rendered":"https:\/\/www.vienna-spirits.com\/?post_type=product&#038;p=254"},"modified":"2026-04-07T14:14:00","modified_gmt":"2026-04-07T12:14:00","slug":"goldener-engel-trueffel-cream-likoer","status":"publish","type":"product","link":"https:\/\/www.vienna-spirits.com\/en\/shop\/goldener-engel-trueffel-cream-likoer\/","title":{"rendered":"Goldener Engel \u2013 Tr\u00fcffel Cream Lik\u00f6r"},"content":{"rendered":"<p>Delizi\u00f6ses Bukett mit brillanten Aromen von Bourbon-Vanille pr\u00e4zise unterlegt von feinsten Tr\u00fcffelnoten, verfeinert mit Marc de Champagne, am Gaumen von exzellenter cremiger Konsistenz, s\u00fc\u00dfe Textur und gro\u00dfer Noblesse.<\/p>\n<p>Genie\u00dfen Sie den Tr\u00fcffel Cream Lik\u00f6r pur und gut gek\u00fchlt.<\/p>\n<p>Allergene: Milch, Eier<\/p>\n","protected":false},"excerpt":{"rendered":"<p>Delizi\u00f6ses Bukett mit brillanten Aromen von Bourbon-Vanille pr\u00e4zise unterlegt von feinsten Tr\u00fcffelnoten, verfeinert mit Marc de Champagne, am Gaumen von exzellenter cremiger Konsistenz, s\u00fc\u00dfe Textur und gro\u00dfer Noblesse. Genie\u00dfen Sie den Tr\u00fcffel Cream Lik\u00f6r pur und gut gek\u00fchlt. Allergene: Milch, Eier<\/p>\n","protected":false},"featured_media":255,"template":"","meta":{"_acf_changed":false,"inline_featured_image":false,"_kad_blocks_custom_css":"","_kad_blocks_head_custom_js":"","_kad_blocks_body_custom_js":"","_kad_blocks_footer_custom_js":""},"product_brand":[],"product_cat":[37],"product_tag":[],"class_list":{"0":"post-254","1":"product","2":"type-product","3":"status-publish","4":"has-post-thumbnail","6":"product_cat-spirituosen","8":"first","9":"instock","10":"taxable","11":"shipping-taxable","12":"purchasable","13":"product-type-simple"},"acf":[],"featured_image_src_large":["https:\/\/www.vienna-spirits.com\/wp-content\/uploads\/2022\/10\/Trueffel-Cream-Likoer-Goldener-Engel-3-1024x1024.png",1024,1024,true],"author_info":[],"comment_info":"","taxonomy_info":{"product_cat":[{"value":37,"label":"Spirituosen"}]},"_links":{"self":[{"href":"https:\/\/www.vienna-spirits.com\/en\/wp-json\/wp\/v2\/product\/254","targetHints":{"allow":["GET"]}}],"collection":[{"href":"https:\/\/www.vienna-spirits.com\/en\/wp-json\/wp\/v2\/product"}],"about":[{"href":"https:\/\/www.vienna-spirits.com\/en\/wp-json\/wp\/v2\/types\/product"}],"wp:featuredmedia":[{"embeddable":true,"href":"https:\/\/www.vienna-spirits.com\/en\/wp-json\/wp\/v2\/media\/255"}],"wp:attachment":[{"href":"https:\/\/www.vienna-spirits.com\/en\/wp-json\/wp\/v2\/media?parent=254"}],"wp:term":[{"taxonomy":"product_brand","embeddable":true,"href":"https:\/\/www.vienna-spirits.com\/en\/wp-json\/wp\/v2\/product_brand?post=254"},{"taxonomy":"product_cat","embeddable":true,"href":"https:\/\/www.vienna-spirits.com\/en\/wp-json\/wp\/v2\/product_cat?post=254"},{"taxonomy":"product_tag","embeddable":true,"href":"https:\/\/www.vienna-spirits.com\/en\/wp-json\/wp\/v2\/product_tag?post=254"}],"curies":[{"name":"wp","href":"https:\/\/api.w.org\/{rel}","templated":true}]}}