{"id":262,"date":"2022-09-27T10:46:32","date_gmt":"2022-09-27T08:46:32","guid":{"rendered":"https:\/\/www.vienna-spirits.com\/?post_type=product&#038;p=262"},"modified":"2026-05-12T11:12:52","modified_gmt":"2026-05-12T09:12:52","slug":"sparkling-kirsch-frizzante","status":"publish","type":"product","link":"https:\/\/www.vienna-spirits.com\/en\/shop\/sparkling-kirsch-frizzante\/","title":{"rendered":"Sisi Kirsch Frizzante"},"content":{"rendered":"<p>Halbtrocken, nicht zu s\u00fc\u00df und irre fruchtig \u2013 unser kirschiger Frizzante verbreitet gute Laune und wird als perfektes Mitbringsel gern gesehen.<\/p>\n<p><strong>Sorte<\/strong>: Sauerkirsche Frizzante<br \/>\n<strong>Qualit\u00e4tsstufe<\/strong>: Obstperlwein mit zugesetzter Kohlens\u00e4ure.<br \/>\n<strong>Verarbeitung<\/strong>: Reine Fruchtverg\u00e4rung.<br \/>\n<strong>Farbe<\/strong>: Strahlendes Granatrot mit zartem Kern.<br \/>\n<strong>Duft<\/strong>: Weichselkompott, frische Herzkirschen, Kirschsaft.<br \/>\n<strong>Gaumen<\/strong>: Eingekochte Sauerkirschen, Zimt, Gew\u00fcrznelken, ein Hauch wei\u00dfer Pfeffer, zarte S\u00fc\u00dfe mit gut eingebundener S\u00e4ure.<br \/>\n<strong>Speisenempfehlung<\/strong>: Gut gek\u00fchlt als Aperitif oder zum Nachtisch.<br \/>\n<strong>S\u00e4ure<\/strong>: 6,5 g\/l<br \/>\n<strong>Restzucker<\/strong>: 35 g\/l<\/p>\n","protected":false},"excerpt":{"rendered":"<p>Das WOW-Erlebnis<\/p>\n","protected":false},"featured_media":1555,"template":"","meta":{"_acf_changed":false,"inline_featured_image":false,"_kad_blocks_custom_css":"","_kad_blocks_head_custom_js":"","_kad_blocks_body_custom_js":"","_kad_blocks_footer_custom_js":""},"product_brand":[],"product_cat":[43],"product_tag":[],"class_list":{"0":"post-262","1":"product","2":"type-product","3":"status-publish","4":"has-post-thumbnail","6":"product_cat-schaumweine","8":"first","9":"instock","10":"taxable","11":"shipping-taxable","12":"purchasable","13":"product-type-simple"},"acf":[],"featured_image_src_large":["https:\/\/www.vienna-spirits.com\/wp-content\/uploads\/2022\/09\/Vienna-Spirits-Flaschen-1723-Bearbeitetsf-1-1024x981.png",1024,981,true],"author_info":[],"comment_info":"","taxonomy_info":{"product_cat":[{"value":43,"label":"Schaumweine"}]},"_links":{"self":[{"href":"https:\/\/www.vienna-spirits.com\/en\/wp-json\/wp\/v2\/product\/262","targetHints":{"allow":["GET"]}}],"collection":[{"href":"https:\/\/www.vienna-spirits.com\/en\/wp-json\/wp\/v2\/product"}],"about":[{"href":"https:\/\/www.vienna-spirits.com\/en\/wp-json\/wp\/v2\/types\/product"}],"wp:featuredmedia":[{"embeddable":true,"href":"https:\/\/www.vienna-spirits.com\/en\/wp-json\/wp\/v2\/media\/1555"}],"wp:attachment":[{"href":"https:\/\/www.vienna-spirits.com\/en\/wp-json\/wp\/v2\/media?parent=262"}],"wp:term":[{"taxonomy":"product_brand","embeddable":true,"href":"https:\/\/www.vienna-spirits.com\/en\/wp-json\/wp\/v2\/product_brand?post=262"},{"taxonomy":"product_cat","embeddable":true,"href":"https:\/\/www.vienna-spirits.com\/en\/wp-json\/wp\/v2\/product_cat?post=262"},{"taxonomy":"product_tag","embeddable":true,"href":"https:\/\/www.vienna-spirits.com\/en\/wp-json\/wp\/v2\/product_tag?post=262"}],"curies":[{"name":"wp","href":"https:\/\/api.w.org\/{rel}","templated":true}]}}