{"id":266,"date":"2022-09-27T10:58:20","date_gmt":"2022-09-27T08:58:20","guid":{"rendered":"https:\/\/www.vienna-spirits.com\/?post_type=product&#038;p=266"},"modified":"2026-05-12T11:06:57","modified_gmt":"2026-05-12T09:06:57","slug":"gruener-veltliner-frizzante","status":"publish","type":"product","link":"https:\/\/www.vienna-spirits.com\/en\/shop\/gruener-veltliner-frizzante\/","title":{"rendered":"Sisi Frizzante wei\u00df"},"content":{"rendered":"<p>Traditionswein goes Sparkling und \u00fcberrascht mit feiner Note von Birne, gelbem Apfel, Grapefruit, Quitte und leicht pfeffriger Sch\u00e4rfe.<\/p>\n<p><strong>Sorte<\/strong>: Frizzante wei\u00df<br \/>\n<strong>Qualit\u00e4tsstufe<\/strong>: \u00d6sterreichischer Perlwein mit zugesetzter Kohlens\u00e4ure.<br \/>\n<strong>Farbe<\/strong>: Strohgelb mit gr\u00fcnen Reflexen.<br \/>\n<strong>Duft<\/strong>: W\u00fcrzig; ein Hauch Vanille, Quitte, Ananas.<br \/>\n<strong>Gaumen<\/strong>: Knackig frisches Kernobst in feinen Perlen, das Frischeerlebnis f\u00fcr jede Tageszeit.<br \/>\n<strong>Speisenempfehlung<\/strong>: Gut gek\u00fchlt als Aperitif oder zum Nachtisch.<br \/>\n<strong>S\u00e4ure<\/strong>: 6,2 g\/l<br \/>\n<strong>Restzucker<\/strong>: 17 g\/l<\/p>\n","protected":false},"excerpt":{"rendered":"<p>Der Knackige<\/p>\n","protected":false},"featured_media":1559,"template":"","meta":{"_acf_changed":false,"inline_featured_image":false,"_kad_blocks_custom_css":"","_kad_blocks_head_custom_js":"","_kad_blocks_body_custom_js":"","_kad_blocks_footer_custom_js":""},"product_brand":[],"product_cat":[43],"product_tag":[],"class_list":{"0":"post-266","1":"product","2":"type-product","3":"status-publish","4":"has-post-thumbnail","6":"product_cat-schaumweine","8":"first","9":"instock","10":"taxable","11":"shipping-taxable","12":"purchasable","13":"product-type-simple"},"acf":[],"featured_image_src_large":["https:\/\/www.vienna-spirits.com\/wp-content\/uploads\/2022\/09\/Vienna-Spirits-Flaschen-1728-Bearbeitetsf-2-1024x979.png",1024,979,true],"author_info":[],"comment_info":"","taxonomy_info":{"product_cat":[{"value":43,"label":"Schaumweine"}]},"_links":{"self":[{"href":"https:\/\/www.vienna-spirits.com\/en\/wp-json\/wp\/v2\/product\/266","targetHints":{"allow":["GET"]}}],"collection":[{"href":"https:\/\/www.vienna-spirits.com\/en\/wp-json\/wp\/v2\/product"}],"about":[{"href":"https:\/\/www.vienna-spirits.com\/en\/wp-json\/wp\/v2\/types\/product"}],"wp:featuredmedia":[{"embeddable":true,"href":"https:\/\/www.vienna-spirits.com\/en\/wp-json\/wp\/v2\/media\/1559"}],"wp:attachment":[{"href":"https:\/\/www.vienna-spirits.com\/en\/wp-json\/wp\/v2\/media?parent=266"}],"wp:term":[{"taxonomy":"product_brand","embeddable":true,"href":"https:\/\/www.vienna-spirits.com\/en\/wp-json\/wp\/v2\/product_brand?post=266"},{"taxonomy":"product_cat","embeddable":true,"href":"https:\/\/www.vienna-spirits.com\/en\/wp-json\/wp\/v2\/product_cat?post=266"},{"taxonomy":"product_tag","embeddable":true,"href":"https:\/\/www.vienna-spirits.com\/en\/wp-json\/wp\/v2\/product_tag?post=266"}],"curies":[{"name":"wp","href":"https:\/\/api.w.org\/{rel}","templated":true}]}}