{"id":268,"date":"2022-09-27T11:02:08","date_gmt":"2022-09-27T09:02:08","guid":{"rendered":"https:\/\/www.vienna-spirits.com\/?post_type=product&#038;p=268"},"modified":"2026-04-07T14:17:23","modified_gmt":"2026-04-07T12:17:23","slug":"gruener-veltliner","status":"publish","type":"product","link":"https:\/\/www.vienna-spirits.com\/en\/shop\/gruener-veltliner\/","title":{"rendered":"Sch\u00f6nbrunn Gr\u00fcner Veltliner"},"content":{"rendered":"<p>Wer das \u201cPfefferl\u201d kennt, der liebt es \u2013 vermutlich gilt er deswegen als heimliche Nationalrebsorte der \u00d6sterreicher. Prost!<\/p>\n<p><strong>Weinbaugebiet<\/strong>: Nieder\u00f6sterreich<br \/>\n<strong>Sorte<\/strong>: Gr\u00fcner Veltliner<br \/>\n<strong>Farbe<\/strong>: Blasses strohgelb mit gr\u00fcnen Reflexen.<br \/>\n<strong>Duft<\/strong>: Ausgepr\u00e4gt w\u00fcrzig, schwarzer Pfeffer, ein Hauch Vanille, reife gelbe Fr\u00fcchte, Apfel, Quitte, Ananas.<br \/>\n<strong>Gaumen<\/strong>: Wunderbares Pfefferl, fast scharf auf der Zunge. S\u00e4ure ist gut eingebunden im mittelkr\u00e4ftigen K\u00f6rper. Ananas und gelber Apfel, langes w\u00fcrziges Finale<br \/>\n<strong>Speisenempfehlung<\/strong>: Empfiehlt sich zu Wiener Schnitzel oder gebackenem Emmentaler, gegrilltem Fisch, Kartoffelpuffer.<br \/>\n<strong>S\u00e4ure:<\/strong> 5,7 g\/l<br \/>\n<strong>Restzucker<\/strong>: 3,6 g\/l<\/p>\n","protected":false},"excerpt":{"rendered":"<p>Der Aristokratische<\/p>\n","protected":false},"featured_media":1806,"template":"","meta":{"_acf_changed":false,"inline_featured_image":false,"_kad_blocks_custom_css":"","_kad_blocks_head_custom_js":"","_kad_blocks_body_custom_js":"","_kad_blocks_footer_custom_js":""},"product_brand":[],"product_cat":[44],"product_tag":[],"class_list":{"0":"post-268","1":"product","2":"type-product","3":"status-publish","4":"has-post-thumbnail","6":"product_cat-weine","8":"first","9":"instock","10":"taxable","11":"shipping-taxable","12":"purchasable","13":"product-type-simple"},"acf":[],"featured_image_src_large":["https:\/\/www.vienna-spirits.com\/wp-content\/uploads\/2022\/09\/K9SF6930-Bearbeitet-1-e1771246062748-1024x1019.png",1024,1019,true],"author_info":[],"comment_info":"","taxonomy_info":{"product_cat":[{"value":44,"label":"Weine"}]},"_links":{"self":[{"href":"https:\/\/www.vienna-spirits.com\/en\/wp-json\/wp\/v2\/product\/268","targetHints":{"allow":["GET"]}}],"collection":[{"href":"https:\/\/www.vienna-spirits.com\/en\/wp-json\/wp\/v2\/product"}],"about":[{"href":"https:\/\/www.vienna-spirits.com\/en\/wp-json\/wp\/v2\/types\/product"}],"wp:featuredmedia":[{"embeddable":true,"href":"https:\/\/www.vienna-spirits.com\/en\/wp-json\/wp\/v2\/media\/1806"}],"wp:attachment":[{"href":"https:\/\/www.vienna-spirits.com\/en\/wp-json\/wp\/v2\/media?parent=268"}],"wp:term":[{"taxonomy":"product_brand","embeddable":true,"href":"https:\/\/www.vienna-spirits.com\/en\/wp-json\/wp\/v2\/product_brand?post=268"},{"taxonomy":"product_cat","embeddable":true,"href":"https:\/\/www.vienna-spirits.com\/en\/wp-json\/wp\/v2\/product_cat?post=268"},{"taxonomy":"product_tag","embeddable":true,"href":"https:\/\/www.vienna-spirits.com\/en\/wp-json\/wp\/v2\/product_tag?post=268"}],"curies":[{"name":"wp","href":"https:\/\/api.w.org\/{rel}","templated":true}]}}