{"id":270,"date":"2022-09-27T11:04:02","date_gmt":"2022-09-27T09:04:02","guid":{"rendered":"https:\/\/www.vienna-spirits.com\/?post_type=product&#038;p=270"},"modified":"2026-04-07T14:18:02","modified_gmt":"2026-04-07T12:18:02","slug":"blauer-zweigelt","status":"publish","type":"product","link":"https:\/\/www.vienna-spirits.com\/en\/shop\/blauer-zweigelt\/","title":{"rendered":"Blauer Zweigelt"},"content":{"rendered":"<p>Der wohl beliebteste Output, seit es Kreuzungen gibt \u2013 zumindest zum Thema Rebsorten. Ein Rotweinkenner wei\u00df: Im Zweifelsfall f\u00fcr den Zweigelt!<\/p>\n<p><strong>Weinbaugebiet<\/strong>: Burgenland<br \/>\n<strong>Sorte<\/strong>: Blauer Zweigelt<br \/>\n<strong>Farbe<\/strong>: Strahlendes Rubinrot mit kr\u00e4ftigem Kern.<br \/>\n<strong>Duft<\/strong>: Eingekochte Kirschen, Gew\u00fcrznelken, Kakao, Vanille.<br \/>\n<strong>Gaumen<\/strong>: Kraftvoll fruchtig, reifes Tannin, gut sp\u00fcrbar, aber im K\u00f6rper gut eingebunden. Kirschiges Finale.<br \/>\n<strong>Speisenempfehlung<\/strong>: Rindsbraten, Rindsrouladen, Zwiebelrostbraten, Beiriedschnitte, Kurzgebratenes, Wei\u00dfschimmelk\u00e4se.<br \/>\n<strong>S\u00e4ure<\/strong>: 5,7 g\/l<br \/>\n<strong>Restzucker<\/strong>: 3,2 g\/l<\/p>\n","protected":false},"excerpt":{"rendered":"<p>Der wohl beliebteste Output, seit es Kreuzungen gibt \u2013 zumindest zum Thema Rebsorten. Ein Rotweinkenner wei\u00df: Im Zweifelsfall f\u00fcr den Zweigelt! Weinbaugebiet: Burgenland Sorte: Blauer Zweigelt Farbe: Strahlendes Rubinrot mit kr\u00e4ftigem Kern. Duft: Eingekochte Kirschen, Gew\u00fcrznelken, Kakao, Vanille. Gaumen: Kraftvoll fruchtig, reifes Tannin, gut sp\u00fcrbar, aber im K\u00f6rper gut eingebunden. Kirschiges Finale. Speisenempfehlung: Rindsbraten, Rindsrouladen, &hellip;<\/p>\n","protected":false},"featured_media":271,"template":"","meta":{"_acf_changed":false,"inline_featured_image":false,"_kad_blocks_custom_css":"","_kad_blocks_head_custom_js":"","_kad_blocks_body_custom_js":"","_kad_blocks_footer_custom_js":""},"product_brand":[],"product_cat":[44],"product_tag":[],"class_list":{"0":"post-270","1":"product","2":"type-product","3":"status-publish","4":"has-post-thumbnail","6":"product_cat-weine","8":"first","9":"instock","10":"taxable","11":"shipping-taxable","12":"purchasable","13":"product-type-simple"},"acf":[],"featured_image_src_large":["https:\/\/www.vienna-spirits.com\/wp-content\/uploads\/2022\/10\/Flaschenfotos_Blauer-Zweigelt-e1624005903482-1024x1024.png",1024,1024,true],"author_info":[],"comment_info":"","taxonomy_info":{"product_cat":[{"value":44,"label":"Weine"}]},"_links":{"self":[{"href":"https:\/\/www.vienna-spirits.com\/en\/wp-json\/wp\/v2\/product\/270","targetHints":{"allow":["GET"]}}],"collection":[{"href":"https:\/\/www.vienna-spirits.com\/en\/wp-json\/wp\/v2\/product"}],"about":[{"href":"https:\/\/www.vienna-spirits.com\/en\/wp-json\/wp\/v2\/types\/product"}],"wp:featuredmedia":[{"embeddable":true,"href":"https:\/\/www.vienna-spirits.com\/en\/wp-json\/wp\/v2\/media\/271"}],"wp:attachment":[{"href":"https:\/\/www.vienna-spirits.com\/en\/wp-json\/wp\/v2\/media?parent=270"}],"wp:term":[{"taxonomy":"product_brand","embeddable":true,"href":"https:\/\/www.vienna-spirits.com\/en\/wp-json\/wp\/v2\/product_brand?post=270"},{"taxonomy":"product_cat","embeddable":true,"href":"https:\/\/www.vienna-spirits.com\/en\/wp-json\/wp\/v2\/product_cat?post=270"},{"taxonomy":"product_tag","embeddable":true,"href":"https:\/\/www.vienna-spirits.com\/en\/wp-json\/wp\/v2\/product_tag?post=270"}],"curies":[{"name":"wp","href":"https:\/\/api.w.org\/{rel}","templated":true}]}}