{"id":272,"date":"2022-09-27T11:06:28","date_gmt":"2022-09-27T09:06:28","guid":{"rendered":"https:\/\/www.vienna-spirits.com\/?post_type=product&#038;p=272"},"modified":"2026-04-07T14:19:09","modified_gmt":"2026-04-07T12:19:09","slug":"rum-de-coco","status":"publish","type":"product","link":"https:\/\/www.vienna-spirits.com\/en\/shop\/rum-de-coco\/","title":{"rendered":"Maria Theresia Rum de Coco Lik\u00f6r"},"content":{"rendered":"<p>Der Rum de Coco Lik\u00f6r widerspiegelt die Gr\u00f6\u00dfe und den Einfluss des Maria Theresia Reiches, indem die Aromen des Rums und der Kokosnuss vereint werden. Der feine Geschmack von hochwertigem Rum verm\u00e4hlt mit dem exotischen Aroma der Kokosnuss. Wir empfehlen, den kaiserlichen Rumlik\u00f6r-Genuss zu Ehren von Sch\u00f6nbrunn <strong>gek\u00fchlt<\/strong> zu genie\u00dfen.<\/p>\n<p>Allergene: Mandeln, Waln\u00fcsse<\/p>\n","protected":false},"excerpt":{"rendered":"<p>Rum besitzt in \u00d6sterreich eine jahrhundertalte Tradition<\/p>\n","protected":false},"featured_media":273,"template":"","meta":{"_acf_changed":false,"inline_featured_image":false,"_kad_blocks_custom_css":"","_kad_blocks_head_custom_js":"","_kad_blocks_body_custom_js":"","_kad_blocks_footer_custom_js":""},"product_brand":[],"product_cat":[37],"product_tag":[],"class_list":{"0":"post-272","1":"product","2":"type-product","3":"status-publish","4":"has-post-thumbnail","6":"product_cat-spirituosen","8":"first","9":"instock","10":"sale","11":"taxable","12":"shipping-taxable","13":"purchasable","14":"product-type-simple"},"acf":[],"featured_image_src_large":["https:\/\/www.vienna-spirits.com\/wp-content\/uploads\/2022\/10\/Spirituose_RumGin_800x8002@2x.png",532,532,false],"author_info":[],"comment_info":"","taxonomy_info":{"product_cat":[{"value":37,"label":"Spirituosen"}]},"_links":{"self":[{"href":"https:\/\/www.vienna-spirits.com\/en\/wp-json\/wp\/v2\/product\/272","targetHints":{"allow":["GET"]}}],"collection":[{"href":"https:\/\/www.vienna-spirits.com\/en\/wp-json\/wp\/v2\/product"}],"about":[{"href":"https:\/\/www.vienna-spirits.com\/en\/wp-json\/wp\/v2\/types\/product"}],"wp:featuredmedia":[{"embeddable":true,"href":"https:\/\/www.vienna-spirits.com\/en\/wp-json\/wp\/v2\/media\/273"}],"wp:attachment":[{"href":"https:\/\/www.vienna-spirits.com\/en\/wp-json\/wp\/v2\/media?parent=272"}],"wp:term":[{"taxonomy":"product_brand","embeddable":true,"href":"https:\/\/www.vienna-spirits.com\/en\/wp-json\/wp\/v2\/product_brand?post=272"},{"taxonomy":"product_cat","embeddable":true,"href":"https:\/\/www.vienna-spirits.com\/en\/wp-json\/wp\/v2\/product_cat?post=272"},{"taxonomy":"product_tag","embeddable":true,"href":"https:\/\/www.vienna-spirits.com\/en\/wp-json\/wp\/v2\/product_tag?post=272"}],"curies":[{"name":"wp","href":"https:\/\/api.w.org\/{rel}","templated":true}]}}