{"id":276,"date":"2022-09-27T11:09:58","date_gmt":"2022-09-27T09:09:58","guid":{"rendered":"https:\/\/www.vienna-spirits.com\/?post_type=product&#038;p=276"},"modified":"2026-04-07T14:21:54","modified_gmt":"2026-04-07T12:21:54","slug":"rum-3-jaehrig","status":"publish","type":"product","link":"https:\/\/www.vienna-spirits.com\/en\/shop\/rum-3-jaehrig\/","title":{"rendered":"Maria Theresia Rum 3-j\u00e4hrig aus dem Holzfass"},"content":{"rendered":"<p>Aus bester Zuckerrohrmelasse gebrannt, reift der Maria Theresia Rum drei Jahre in ausgesuchten Holzf\u00e4ssern. Sein weicher und lieblicher Geschmack l\u00e4dt ein, zu Ehren von Sch\u00f6nbrunn anzusto\u00dfen.<\/p>\n<p>F\u00fcr h\u00f6chsten Genuss am besten <strong>pur<\/strong> trinken.<\/p>\n","protected":false},"excerpt":{"rendered":"<p>\u00d6sterreichischer Rum aus Zuckerrohr war zu Kaiserzeiten ein begehrter Genuss.<\/p>\n","protected":false},"featured_media":277,"template":"","meta":{"_acf_changed":false,"inline_featured_image":false,"_kad_blocks_custom_css":"","_kad_blocks_head_custom_js":"","_kad_blocks_body_custom_js":"","_kad_blocks_footer_custom_js":""},"product_brand":[],"product_cat":[37],"product_tag":[],"class_list":{"0":"post-276","1":"product","2":"type-product","3":"status-publish","4":"has-post-thumbnail","6":"product_cat-spirituosen","8":"first","9":"instock","10":"sale","11":"taxable","12":"shipping-taxable","13":"purchasable","14":"product-type-simple"},"acf":[],"featured_image_src_large":["https:\/\/www.vienna-spirits.com\/wp-content\/uploads\/2022\/10\/Spirituose_RumGin_800x8003@2x.png",526,526,false],"author_info":[],"comment_info":"","taxonomy_info":{"product_cat":[{"value":37,"label":"Spirituosen"}]},"_links":{"self":[{"href":"https:\/\/www.vienna-spirits.com\/en\/wp-json\/wp\/v2\/product\/276","targetHints":{"allow":["GET"]}}],"collection":[{"href":"https:\/\/www.vienna-spirits.com\/en\/wp-json\/wp\/v2\/product"}],"about":[{"href":"https:\/\/www.vienna-spirits.com\/en\/wp-json\/wp\/v2\/types\/product"}],"wp:featuredmedia":[{"embeddable":true,"href":"https:\/\/www.vienna-spirits.com\/en\/wp-json\/wp\/v2\/media\/277"}],"wp:attachment":[{"href":"https:\/\/www.vienna-spirits.com\/en\/wp-json\/wp\/v2\/media?parent=276"}],"wp:term":[{"taxonomy":"product_brand","embeddable":true,"href":"https:\/\/www.vienna-spirits.com\/en\/wp-json\/wp\/v2\/product_brand?post=276"},{"taxonomy":"product_cat","embeddable":true,"href":"https:\/\/www.vienna-spirits.com\/en\/wp-json\/wp\/v2\/product_cat?post=276"},{"taxonomy":"product_tag","embeddable":true,"href":"https:\/\/www.vienna-spirits.com\/en\/wp-json\/wp\/v2\/product_tag?post=276"}],"curies":[{"name":"wp","href":"https:\/\/api.w.org\/{rel}","templated":true}]}}