{"id":278,"date":"2022-09-27T11:22:13","date_gmt":"2022-09-27T09:22:13","guid":{"rendered":"https:\/\/www.vienna-spirits.com\/?post_type=product&#038;p=278"},"modified":"2026-04-10T12:55:41","modified_gmt":"2026-04-10T10:55:41","slug":"hundertwasserl-paket","status":"publish","type":"product","link":"https:\/\/www.vienna-spirits.com\/en\/shop\/hundertwasserl-paket\/","title":{"rendered":"\u00bbHundertwasserl\u00ab Paket !!AKTION!!"},"content":{"rendered":"<p>!!AKTION!!<\/p>\n<p>Wacholder, Kr\u00e4uter, Ingwer und Zitrone \u2013 manchmal schmeckt Essbares einfach fl\u00fcssig besser und hier haben wir ein Paradebeispiel: Das Hunderwasserl l\u00e4sst nicht nur die Eisw\u00fcrfel im Glas schmelzen, wenn unser kraftvoller Dry Gin auf erfrischendes Tonic trifft.<\/p>\n","protected":false},"excerpt":{"rendered":"<p>1x Dry Gin 0,5l<br \/>\n4x ORGANICS Ginger Beer 0,25l<\/p>\n","protected":false},"featured_media":279,"template":"","meta":{"_acf_changed":false,"inline_featured_image":false,"_kad_blocks_custom_css":"","_kad_blocks_head_custom_js":"","_kad_blocks_body_custom_js":"","_kad_blocks_footer_custom_js":""},"product_brand":[],"product_cat":[53],"product_tag":[],"class_list":{"0":"post-278","1":"product","2":"type-product","3":"status-publish","4":"has-post-thumbnail","6":"product_cat-aktionen","8":"first","9":"instock","10":"sale","11":"taxable","12":"shipping-taxable","13":"purchasable","14":"product-type-simple"},"acf":[],"featured_image_src_large":["https:\/\/www.vienna-spirits.com\/wp-content\/uploads\/2022\/10\/Gruppe-maskieren-44@2x.png",600,600,false],"author_info":[],"comment_info":"","taxonomy_info":{"product_cat":[{"value":53,"label":"Aktionen"}]},"_links":{"self":[{"href":"https:\/\/www.vienna-spirits.com\/en\/wp-json\/wp\/v2\/product\/278","targetHints":{"allow":["GET"]}}],"collection":[{"href":"https:\/\/www.vienna-spirits.com\/en\/wp-json\/wp\/v2\/product"}],"about":[{"href":"https:\/\/www.vienna-spirits.com\/en\/wp-json\/wp\/v2\/types\/product"}],"wp:featuredmedia":[{"embeddable":true,"href":"https:\/\/www.vienna-spirits.com\/en\/wp-json\/wp\/v2\/media\/279"}],"wp:attachment":[{"href":"https:\/\/www.vienna-spirits.com\/en\/wp-json\/wp\/v2\/media?parent=278"}],"wp:term":[{"taxonomy":"product_brand","embeddable":true,"href":"https:\/\/www.vienna-spirits.com\/en\/wp-json\/wp\/v2\/product_brand?post=278"},{"taxonomy":"product_cat","embeddable":true,"href":"https:\/\/www.vienna-spirits.com\/en\/wp-json\/wp\/v2\/product_cat?post=278"},{"taxonomy":"product_tag","embeddable":true,"href":"https:\/\/www.vienna-spirits.com\/en\/wp-json\/wp\/v2\/product_tag?post=278"}],"curies":[{"name":"wp","href":"https:\/\/api.w.org\/{rel}","templated":true}]}}