{"id":284,"date":"2022-09-27T11:28:29","date_gmt":"2022-09-27T09:28:29","guid":{"rendered":"https:\/\/www.vienna-spirits.com\/?post_type=product&#038;p=284"},"modified":"2025-12-02T07:33:18","modified_gmt":"2025-12-02T06:33:18","slug":"rum-cooler-paket","status":"publish","type":"product","link":"https:\/\/www.vienna-spirits.com\/en\/shop\/rum-cooler-paket\/","title":{"rendered":"\u00bbRum Cooler\u00ab Paket"},"content":{"rendered":"<p>Zur Kaiserzeit war \u00f6sterreichischer Rum \u00e4u\u00dferst begehrt \u2013 doch Cola unbekannt. Lasst uns gemeinsam die Renaissance des Cuba Libre zelebrieren, mit einer prunkvollen Fusion aus im Holzfass gereiftem Rum und dem ikonischen Cola-Geschmack aus dem Hause Red Bull.<\/p>\n","protected":false},"excerpt":{"rendered":"<p>1x Rum 3-j\u00e4hrig 0,5l<br \/>\n4x ORGANICS Simply Cola 0,25l<\/p>\n","protected":false},"featured_media":285,"template":"","meta":{"_acf_changed":false,"inline_featured_image":false,"_kad_blocks_custom_css":"","_kad_blocks_head_custom_js":"","_kad_blocks_body_custom_js":"","_kad_blocks_footer_custom_js":""},"product_brand":[],"product_cat":[53],"product_tag":[],"class_list":{"0":"post-284","1":"product","2":"type-product","3":"status-publish","4":"has-post-thumbnail","6":"product_cat-aktionen","8":"first","9":"instock","10":"sale","11":"taxable","12":"shipping-taxable","13":"purchasable","14":"product-type-simple"},"acf":[],"featured_image_src_large":["https:\/\/www.vienna-spirits.com\/wp-content\/uploads\/2022\/10\/Gruppe-maskieren-40@2x.png",600,600,false],"author_info":[],"comment_info":"","taxonomy_info":{"product_cat":[{"value":53,"label":"Aktionen"}]},"_links":{"self":[{"href":"https:\/\/www.vienna-spirits.com\/en\/wp-json\/wp\/v2\/product\/284","targetHints":{"allow":["GET"]}}],"collection":[{"href":"https:\/\/www.vienna-spirits.com\/en\/wp-json\/wp\/v2\/product"}],"about":[{"href":"https:\/\/www.vienna-spirits.com\/en\/wp-json\/wp\/v2\/types\/product"}],"wp:featuredmedia":[{"embeddable":true,"href":"https:\/\/www.vienna-spirits.com\/en\/wp-json\/wp\/v2\/media\/285"}],"wp:attachment":[{"href":"https:\/\/www.vienna-spirits.com\/en\/wp-json\/wp\/v2\/media?parent=284"}],"wp:term":[{"taxonomy":"product_brand","embeddable":true,"href":"https:\/\/www.vienna-spirits.com\/en\/wp-json\/wp\/v2\/product_brand?post=284"},{"taxonomy":"product_cat","embeddable":true,"href":"https:\/\/www.vienna-spirits.com\/en\/wp-json\/wp\/v2\/product_cat?post=284"},{"taxonomy":"product_tag","embeddable":true,"href":"https:\/\/www.vienna-spirits.com\/en\/wp-json\/wp\/v2\/product_tag?post=284"}],"curies":[{"name":"wp","href":"https:\/\/api.w.org\/{rel}","templated":true}]}}