{"id":417,"date":"2022-11-08T16:40:52","date_gmt":"2022-11-08T15:40:52","guid":{"rendered":"https:\/\/www.vienna-spirits.com\/?post_type=product&#038;p=417"},"modified":"2026-03-18T11:40:08","modified_gmt":"2026-03-18T10:40:08","slug":"frische-sisi-paket","status":"publish","type":"product","link":"https:\/\/www.vienna-spirits.com\/en\/shop\/frische-sisi-paket\/","title":{"rendered":"\u00bbFrische Sisi\u00ab Paket SALE"},"content":{"rendered":"<p>Immer dann, wenn Kaiserin Sisi ihren Mann liebevoll Franzzante nannte, nippte sie davor am Sparkling Kirsch \u2013 zumindest erz\u00e4hlt man sich das in der Ger\u00fcchtek\u00fcche. Fix ist aber, dass wir f\u00fcr euch den s\u00fcffigen Perlwein ganz frech mit eleganten Purple Berries kombinieren.<\/p>\n","protected":false},"excerpt":{"rendered":"<p>1x Sparkling Kirsch Frizzante 0,75l<br \/>\n4x ORGANICS Purple Berry 0,25l<\/p>\n","protected":false},"featured_media":431,"template":"","meta":{"_acf_changed":false,"inline_featured_image":false,"_kad_blocks_custom_css":"","_kad_blocks_head_custom_js":"","_kad_blocks_body_custom_js":"","_kad_blocks_footer_custom_js":""},"product_brand":[],"product_cat":[53],"product_tag":[],"class_list":{"0":"post-417","1":"product","2":"type-product","3":"status-publish","4":"has-post-thumbnail","6":"product_cat-aktionen","8":"first","9":"instock","10":"sale","11":"taxable","12":"shipping-taxable","13":"purchasable","14":"product-type-simple"},"acf":[],"featured_image_src_large":["https:\/\/www.vienna-spirits.com\/wp-content\/uploads\/2022\/11\/frische_sisi_package.png",600,600,false],"author_info":[],"comment_info":"","taxonomy_info":{"product_cat":[{"value":53,"label":"Aktionen"}]},"_links":{"self":[{"href":"https:\/\/www.vienna-spirits.com\/en\/wp-json\/wp\/v2\/product\/417","targetHints":{"allow":["GET"]}}],"collection":[{"href":"https:\/\/www.vienna-spirits.com\/en\/wp-json\/wp\/v2\/product"}],"about":[{"href":"https:\/\/www.vienna-spirits.com\/en\/wp-json\/wp\/v2\/types\/product"}],"wp:featuredmedia":[{"embeddable":true,"href":"https:\/\/www.vienna-spirits.com\/en\/wp-json\/wp\/v2\/media\/431"}],"wp:attachment":[{"href":"https:\/\/www.vienna-spirits.com\/en\/wp-json\/wp\/v2\/media?parent=417"}],"wp:term":[{"taxonomy":"product_brand","embeddable":true,"href":"https:\/\/www.vienna-spirits.com\/en\/wp-json\/wp\/v2\/product_brand?post=417"},{"taxonomy":"product_cat","embeddable":true,"href":"https:\/\/www.vienna-spirits.com\/en\/wp-json\/wp\/v2\/product_cat?post=417"},{"taxonomy":"product_tag","embeddable":true,"href":"https:\/\/www.vienna-spirits.com\/en\/wp-json\/wp\/v2\/product_tag?post=417"}],"curies":[{"name":"wp","href":"https:\/\/api.w.org\/{rel}","templated":true}]}}