{"id":823,"date":"2023-01-31T23:58:52","date_gmt":"2023-01-31T22:58:52","guid":{"rendered":"https:\/\/www.vienna-spirits.com\/?post_type=product&#038;p=823"},"modified":"2026-05-12T11:08:09","modified_gmt":"2026-05-12T09:08:09","slug":"5-plus-1-sisi-paket","status":"publish","type":"product","link":"https:\/\/www.vienna-spirits.com\/en\/shop\/5-plus-1-sisi-paket\/","title":{"rendered":"5 plus 1 Sisi Paket AKTION"},"content":{"rendered":"<p>Halbtrocken, nicht zu s\u00fc\u00df und irre fruchtig \u2013 unser kirschiger Frizzante verbreitet gute Laune und wird als perfektes Mitbringsel gern gesehen. <strong>Jetzt im 5+1 Vorteils-Paket f\u00fcr kurze Zeit erh\u00e4ltlich.<\/strong><\/p>\n<p><strong>Sorte<\/strong>: Sauerkirsche Frizzante<br \/>\n<strong>Qualit\u00e4tsstufe<\/strong>: Obstperlwein mit zugesetzter Kohlens\u00e4ure.<br \/>\n<strong>Verarbeitung<\/strong>: Reine Fruchtverg\u00e4rung.<br \/>\n<strong>Farbe<\/strong>: Strahlendes Granatrot mit zartem Kern.<br \/>\n<strong>Duft<\/strong>: Weichselkompott, frische Herzkirschen, Kirschsaft.<br \/>\n<strong>Gaumen<\/strong>: Eingekochte Sauerkirschen, Zimt, Gew\u00fcrznelken, ein Hauch wei\u00dfer Pfeffer, zarte S\u00fc\u00dfe mit gut eingebundener S\u00e4ure.<br \/>\n<strong>Speisenempfehlung<\/strong>: Gut gek\u00fchlt als Aperitif oder zum Nachtisch.<br \/>\n<strong>S\u00e4ure<\/strong>: 6,5 g\/l<br \/>\n<strong>Restzucker<\/strong>: 35 g\/l<\/p>\n","protected":false},"excerpt":{"rendered":"<p>Das WOW-Erlebnis<\/p>\n","protected":false},"featured_media":824,"template":"","meta":{"_acf_changed":false,"inline_featured_image":false,"_kad_blocks_custom_css":"","_kad_blocks_head_custom_js":"","_kad_blocks_body_custom_js":"","_kad_blocks_footer_custom_js":""},"product_brand":[],"product_cat":[43,53],"product_tag":[],"class_list":{"0":"post-823","1":"product","2":"type-product","3":"status-publish","4":"has-post-thumbnail","6":"product_cat-schaumweine","7":"product_cat-aktionen","9":"first","10":"instock","11":"sale","12":"taxable","13":"shipping-taxable","14":"purchasable","15":"product-type-simple"},"acf":[],"featured_image_src_large":["https:\/\/www.vienna-spirits.com\/wp-content\/uploads\/2023\/01\/51Paket-frische-sisi.png",598,598,false],"author_info":[],"comment_info":"","taxonomy_info":{"product_cat":[{"value":43,"label":"Schaumweine"},{"value":53,"label":"Aktionen"}]},"_links":{"self":[{"href":"https:\/\/www.vienna-spirits.com\/en\/wp-json\/wp\/v2\/product\/823","targetHints":{"allow":["GET"]}}],"collection":[{"href":"https:\/\/www.vienna-spirits.com\/en\/wp-json\/wp\/v2\/product"}],"about":[{"href":"https:\/\/www.vienna-spirits.com\/en\/wp-json\/wp\/v2\/types\/product"}],"wp:featuredmedia":[{"embeddable":true,"href":"https:\/\/www.vienna-spirits.com\/en\/wp-json\/wp\/v2\/media\/824"}],"wp:attachment":[{"href":"https:\/\/www.vienna-spirits.com\/en\/wp-json\/wp\/v2\/media?parent=823"}],"wp:term":[{"taxonomy":"product_brand","embeddable":true,"href":"https:\/\/www.vienna-spirits.com\/en\/wp-json\/wp\/v2\/product_brand?post=823"},{"taxonomy":"product_cat","embeddable":true,"href":"https:\/\/www.vienna-spirits.com\/en\/wp-json\/wp\/v2\/product_cat?post=823"},{"taxonomy":"product_tag","embeddable":true,"href":"https:\/\/www.vienna-spirits.com\/en\/wp-json\/wp\/v2\/product_tag?post=823"}],"curies":[{"name":"wp","href":"https:\/\/api.w.org\/{rel}","templated":true}]}}